{"id":30054,"date":"2022-11-24T08:05:06","date_gmt":"2022-11-24T07:05:06","guid":{"rendered":"https:\/\/nalandaglobal.com\/form-lets-talk\/"},"modified":"2024-02-26T09:38:59","modified_gmt":"2024-02-26T08:38:59","slug":"conversamos","status":"publish","type":"page","link":"https:\/\/www.nalandaglobal.com\/pt-pt\/conversamos\/","title":{"rendered":"Conversamos"},"content":{"rendered":"\t\t<div data-elementor-type=\"wp-page\" data-elementor-id=\"30054\" class=\"elementor elementor-30054 elementor-3369\" data-elementor-post-type=\"page\">\n\t\t\t\t\t\t<section class=\"elementor-section elementor-top-section elementor-element elementor-element-b1dcd02 elementor-section-boxed elementor-section-height-default elementor-section-height-default\" data-id=\"b1dcd02\" data-element_type=\"section\" data-e-type=\"section\" data-settings=\"{&quot;jet_parallax_layout_list&quot;:[{&quot;jet_parallax_layout_image&quot;:{&quot;url&quot;:&quot;&quot;,&quot;id&quot;:&quot;&quot;,&quot;size&quot;:&quot;&quot;},&quot;_id&quot;:&quot;d5ebf27&quot;,&quot;jet_parallax_layout_image_tablet&quot;:{&quot;url&quot;:&quot;&quot;,&quot;id&quot;:&quot;&quot;,&quot;size&quot;:&quot;&quot;},&quot;jet_parallax_layout_image_mobile&quot;:{&quot;url&quot;:&quot;&quot;,&quot;id&quot;:&quot;&quot;,&quot;size&quot;:&quot;&quot;},&quot;jet_parallax_layout_speed&quot;:{&quot;unit&quot;:&quot;%&quot;,&quot;size&quot;:50,&quot;sizes&quot;:[]},&quot;jet_parallax_layout_type&quot;:&quot;scroll&quot;,&quot;jet_parallax_layout_direction&quot;:null,&quot;jet_parallax_layout_fx_direction&quot;:null,&quot;jet_parallax_layout_z_index&quot;:&quot;&quot;,&quot;jet_parallax_layout_bg_x&quot;:50,&quot;jet_parallax_layout_bg_x_tablet&quot;:&quot;&quot;,&quot;jet_parallax_layout_bg_x_mobile&quot;:&quot;&quot;,&quot;jet_parallax_layout_bg_y&quot;:50,&quot;jet_parallax_layout_bg_y_tablet&quot;:&quot;&quot;,&quot;jet_parallax_layout_bg_y_mobile&quot;:&quot;&quot;,&quot;jet_parallax_layout_bg_size&quot;:&quot;auto&quot;,&quot;jet_parallax_layout_bg_size_tablet&quot;:&quot;&quot;,&quot;jet_parallax_layout_bg_size_mobile&quot;:&quot;&quot;,&quot;jet_parallax_layout_animation_prop&quot;:&quot;transform&quot;,&quot;jet_parallax_layout_on&quot;:[&quot;desktop&quot;,&quot;tablet&quot;]}],&quot;background_background&quot;:&quot;classic&quot;}\">\n\t\t\t\t\t\t<div class=\"elementor-container elementor-column-gap-default\">\n\t\t\t\t\t<div class=\"elementor-column elementor-col-100 elementor-top-column elementor-element elementor-element-17a36af\" data-id=\"17a36af\" data-element_type=\"column\" data-e-type=\"column\" data-settings=\"{&quot;background_background&quot;:&quot;classic&quot;}\">\n\t\t\t<div class=\"elementor-widget-wrap elementor-element-populated\">\n\t\t\t\t\t\t<div class=\"elementor-element elementor-element-ce72490 elementor-widget elementor-widget-heading\" data-id=\"ce72490\" data-element_type=\"widget\" data-e-type=\"widget\" data-widget_type=\"heading.default\">\n\t\t\t\t<div class=\"elementor-widget-container\">\n\t\t\t\t\t<h1 class=\"elementor-heading-title elementor-size-default\">Se estiver interessado em algum dos nossos servi\u00e7os ou necessitar de mais informa\u00e7\u00f5es, deixe-nos os seus dados<\/h1>\t\t\t\t<\/div>\n\t\t\t\t<\/div>\n\t\t\t\t<div class=\"elementor-element elementor-element-42bfe42 elementor-widget elementor-widget-text-editor\" data-id=\"42bfe42\" data-element_type=\"widget\" data-e-type=\"widget\" data-widget_type=\"text-editor.default\">\n\t\t\t\t<div class=\"elementor-widget-container\">\n\t\t\t\t\t\t\t\t\t<p>Se voc\u00ea j\u00e1 \u00e9 cliente e precisa de suporte t\u00e9cnico, acesse a <a href=\"https:\/\/www.nalandaglobal.com\/pt-pt\/suporte\/\">\u00e1rea de suporte<\/a><\/p>\t\t\t\t\t\t\t\t<\/div>\n\t\t\t\t<\/div>\n\t\t\t\t<div class=\"elementor-element elementor-element-38552cd elementor-widget elementor-widget-shortcode\" data-id=\"38552cd\" data-element_type=\"widget\" data-e-type=\"widget\" data-widget_type=\"shortcode.default\">\n\t\t\t\t<div class=\"elementor-widget-container\">\n\t\t\t\t\t\t\t<div class=\"elementor-shortcode\"><\/div>\n\t\t\t\t\t\t<\/div>\n\t\t\t\t<\/div>\n\t\t\t\t<div class=\"elementor-element elementor-element-b85fe4b elementor-absolute elementor-widget elementor-widget-heading\" data-id=\"b85fe4b\" data-element_type=\"widget\" data-e-type=\"widget\" data-settings=\"{&quot;_position&quot;:&quot;absolute&quot;}\" data-widget_type=\"heading.default\">\n\t\t\t\t<div class=\"elementor-widget-container\">\n\t\t\t\t\t<span class=\"elementor-heading-title elementor-size-default\">\u00a1Falemos!<\/span>\t\t\t\t<\/div>\n\t\t\t\t<\/div>\n\t\t\t\t\t<\/div>\n\t\t<\/div>\n\t\t\t\t\t<\/div>\n\t\t<\/section>\n\t\t\t\t<\/div>\n\t\t","protected":false},"excerpt":{"rendered":"<p>Se estiver interessado em algum dos nossos servi\u00e7os ou necessitar de mais informa\u00e7\u00f5es, deixe-nos os seus dados Se voc\u00ea j\u00e1 \u00e9 cliente e precisa de suporte t\u00e9cnico, acesse a \u00e1rea de suporte \u00a1Falemos!<\/p>\n","protected":false},"author":7,"featured_media":0,"parent":0,"menu_order":0,"comment_status":"closed","ping_status":"closed","template":"elementor_header_footer","meta":{"footnotes":""},"class_list":["post-30054","page","type-page","status-publish","hentry"],"yoast_head":"<!-- This site is optimized with the Yoast SEO Premium plugin v27.0 (Yoast SEO v27.0) - https:\/\/yoast.com\/product\/yoast-seo-premium-wordpress\/ -->\n<title>Conversamos - Nalanda Global (brought to you by ONCE FOR ALL)<\/title>\n<meta name=\"robots\" content=\"noindex, follow\" \/>\n<meta property=\"og:locale\" content=\"pt_PT\" \/>\n<meta property=\"og:type\" content=\"article\" \/>\n<meta property=\"og:title\" content=\"Conversamos\" \/>\n<meta property=\"og:description\" content=\"Se estiver interessado em algum dos nossos servi\u00e7os ou necessitar de mais informa\u00e7\u00f5es, deixe-nos os seus dados Se voc\u00ea j\u00e1 \u00e9 cliente e precisa de suporte t\u00e9cnico, acesse a \u00e1rea de suporte \u00a1Falemos!\" \/>\n<meta property=\"og:url\" content=\"https:\/\/www.nalandaglobal.com\/pt-pt\/conversamos\/\" \/>\n<meta property=\"og:site_name\" content=\"Nalanda Global (brought to you by ONCE FOR ALL)\" \/>\n<meta property=\"article:modified_time\" content=\"2024-02-26T08:38:59+00:00\" \/>\n<meta name=\"twitter:card\" content=\"summary_large_image\" \/>\n<meta name=\"twitter:site\" content=\"@nalanda_global\" \/>\n<meta name=\"twitter:label1\" content=\"Tempo estimado de leitura\" \/>\n\t<meta name=\"twitter:data1\" content=\"1 minuto\" \/>\n<script type=\"application\/ld+json\" class=\"yoast-schema-graph\">{\"@context\":\"https:\/\/schema.org\",\"@graph\":[{\"@type\":\"WebPage\",\"@id\":\"https:\/\/www.nalandaglobal.com\/pt-pt\/conversamos\/\",\"url\":\"https:\/\/www.nalandaglobal.com\/pt-pt\/conversamos\/\",\"name\":\"Conversamos - Nalanda Global (brought to you by ONCE FOR ALL)\",\"isPartOf\":{\"@id\":\"https:\/\/www.nalandaglobal.com\/pt-pt\/#website\"},\"datePublished\":\"2022-11-24T07:05:06+00:00\",\"dateModified\":\"2024-02-26T08:38:59+00:00\",\"breadcrumb\":{\"@id\":\"https:\/\/www.nalandaglobal.com\/pt-pt\/conversamos\/#breadcrumb\"},\"inLanguage\":\"pt-PT\",\"potentialAction\":[{\"@type\":\"ReadAction\",\"target\":[\"https:\/\/www.nalandaglobal.com\/pt-pt\/conversamos\/\"]}]},{\"@type\":\"BreadcrumbList\",\"@id\":\"https:\/\/www.nalandaglobal.com\/pt-pt\/conversamos\/#breadcrumb\",\"itemListElement\":[{\"@type\":\"ListItem\",\"position\":1,\"name\":\"Inicio\",\"item\":\"https:\/\/www.nalandaglobal.com\/pt-pt\/\"},{\"@type\":\"ListItem\",\"position\":2,\"name\":\"Conversamos\"}]},{\"@type\":\"WebSite\",\"@id\":\"https:\/\/www.nalandaglobal.com\/pt-pt\/#website\",\"url\":\"https:\/\/www.nalandaglobal.com\/pt-pt\/\",\"name\":\"Nalanda Global (brought to you by ONCE FOR ALL)\",\"description\":\"Facilitamos la colaboraci\u00f3n y la transparencia en las cadenas de suministro y subcontrataci\u00f3n\",\"publisher\":{\"@id\":\"https:\/\/www.nalandaglobal.com\/pt-pt\/#organization\"},\"potentialAction\":[{\"@type\":\"SearchAction\",\"target\":{\"@type\":\"EntryPoint\",\"urlTemplate\":\"https:\/\/www.nalandaglobal.com\/pt-pt\/?s={search_term_string}\"},\"query-input\":{\"@type\":\"PropertyValueSpecification\",\"valueRequired\":true,\"valueName\":\"search_term_string\"}}],\"inLanguage\":\"pt-PT\"},{\"@type\":\"Organization\",\"@id\":\"https:\/\/www.nalandaglobal.com\/pt-pt\/#organization\",\"name\":\"Nalanda Global\",\"url\":\"https:\/\/www.nalandaglobal.com\/pt-pt\/\",\"logo\":{\"@type\":\"ImageObject\",\"inLanguage\":\"pt-PT\",\"@id\":\"https:\/\/www.nalandaglobal.com\/pt-pt\/#\/schema\/logo\/image\/\",\"url\":\"https:\/\/nalandaglobal.com\/wp-content\/uploads\/AF-Logotipo-Nalanda-sin-global_Principal_RGB.png\",\"contentUrl\":\"https:\/\/nalandaglobal.com\/wp-content\/uploads\/AF-Logotipo-Nalanda-sin-global_Principal_RGB.png\",\"width\":3013,\"height\":1201,\"caption\":\"Nalanda Global\"},\"image\":{\"@id\":\"https:\/\/www.nalandaglobal.com\/pt-pt\/#\/schema\/logo\/image\/\"},\"sameAs\":[\"https:\/\/x.com\/nalanda_global\",\"https:\/\/es.linkedin.com\/company\/nalandaglobal\"]}]}<\/script>\n<!-- \/ Yoast SEO Premium plugin. -->","yoast_head_json":{"title":"Conversamos - Nalanda Global (brought to you by ONCE FOR ALL)","robots":{"index":"noindex","follow":"follow"},"og_locale":"pt_PT","og_type":"article","og_title":"Conversamos","og_description":"Se estiver interessado em algum dos nossos servi\u00e7os ou necessitar de mais informa\u00e7\u00f5es, deixe-nos os seus dados Se voc\u00ea j\u00e1 \u00e9 cliente e precisa de suporte t\u00e9cnico, acesse a \u00e1rea de suporte \u00a1Falemos!","og_url":"https:\/\/www.nalandaglobal.com\/pt-pt\/conversamos\/","og_site_name":"Nalanda Global (brought to you by ONCE FOR ALL)","article_modified_time":"2024-02-26T08:38:59+00:00","twitter_card":"summary_large_image","twitter_site":"@nalanda_global","twitter_misc":{"Tempo estimado de leitura":"1 minuto"},"schema":{"@context":"https:\/\/schema.org","@graph":[{"@type":"WebPage","@id":"https:\/\/www.nalandaglobal.com\/pt-pt\/conversamos\/","url":"https:\/\/www.nalandaglobal.com\/pt-pt\/conversamos\/","name":"Conversamos - Nalanda Global (brought to you by ONCE FOR ALL)","isPartOf":{"@id":"https:\/\/www.nalandaglobal.com\/pt-pt\/#website"},"datePublished":"2022-11-24T07:05:06+00:00","dateModified":"2024-02-26T08:38:59+00:00","breadcrumb":{"@id":"https:\/\/www.nalandaglobal.com\/pt-pt\/conversamos\/#breadcrumb"},"inLanguage":"pt-PT","potentialAction":[{"@type":"ReadAction","target":["https:\/\/www.nalandaglobal.com\/pt-pt\/conversamos\/"]}]},{"@type":"BreadcrumbList","@id":"https:\/\/www.nalandaglobal.com\/pt-pt\/conversamos\/#breadcrumb","itemListElement":[{"@type":"ListItem","position":1,"name":"Inicio","item":"https:\/\/www.nalandaglobal.com\/pt-pt\/"},{"@type":"ListItem","position":2,"name":"Conversamos"}]},{"@type":"WebSite","@id":"https:\/\/www.nalandaglobal.com\/pt-pt\/#website","url":"https:\/\/www.nalandaglobal.com\/pt-pt\/","name":"Nalanda Global (brought to you by ONCE FOR ALL)","description":"Facilitamos la colaboraci\u00f3n y la transparencia en las cadenas de suministro y subcontrataci\u00f3n","publisher":{"@id":"https:\/\/www.nalandaglobal.com\/pt-pt\/#organization"},"potentialAction":[{"@type":"SearchAction","target":{"@type":"EntryPoint","urlTemplate":"https:\/\/www.nalandaglobal.com\/pt-pt\/?s={search_term_string}"},"query-input":{"@type":"PropertyValueSpecification","valueRequired":true,"valueName":"search_term_string"}}],"inLanguage":"pt-PT"},{"@type":"Organization","@id":"https:\/\/www.nalandaglobal.com\/pt-pt\/#organization","name":"Nalanda Global","url":"https:\/\/www.nalandaglobal.com\/pt-pt\/","logo":{"@type":"ImageObject","inLanguage":"pt-PT","@id":"https:\/\/www.nalandaglobal.com\/pt-pt\/#\/schema\/logo\/image\/","url":"https:\/\/nalandaglobal.com\/wp-content\/uploads\/AF-Logotipo-Nalanda-sin-global_Principal_RGB.png","contentUrl":"https:\/\/nalandaglobal.com\/wp-content\/uploads\/AF-Logotipo-Nalanda-sin-global_Principal_RGB.png","width":3013,"height":1201,"caption":"Nalanda Global"},"image":{"@id":"https:\/\/www.nalandaglobal.com\/pt-pt\/#\/schema\/logo\/image\/"},"sameAs":["https:\/\/x.com\/nalanda_global","https:\/\/es.linkedin.com\/company\/nalandaglobal"]}]}},"_links":{"self":[{"href":"https:\/\/www.nalandaglobal.com\/pt-pt\/wp-json\/wp\/v2\/pages\/30054","targetHints":{"allow":["GET"]}}],"collection":[{"href":"https:\/\/www.nalandaglobal.com\/pt-pt\/wp-json\/wp\/v2\/pages"}],"about":[{"href":"https:\/\/www.nalandaglobal.com\/pt-pt\/wp-json\/wp\/v2\/types\/page"}],"author":[{"embeddable":true,"href":"https:\/\/www.nalandaglobal.com\/pt-pt\/wp-json\/wp\/v2\/users\/7"}],"replies":[{"embeddable":true,"href":"https:\/\/www.nalandaglobal.com\/pt-pt\/wp-json\/wp\/v2\/comments?post=30054"}],"version-history":[{"count":0,"href":"https:\/\/www.nalandaglobal.com\/pt-pt\/wp-json\/wp\/v2\/pages\/30054\/revisions"}],"wp:attachment":[{"href":"https:\/\/www.nalandaglobal.com\/pt-pt\/wp-json\/wp\/v2\/media?parent=30054"}],"curies":[{"name":"wp","href":"https:\/\/api.w.org\/{rel}","templated":true}]}}