{"id":30126,"date":"2022-11-24T12:26:12","date_gmt":"2022-11-24T11:26:12","guid":{"rendered":"https:\/\/nalandaglobal.com\/cookies-policy-pt\/"},"modified":"2025-06-12T08:31:37","modified_gmt":"2025-06-12T06:31:37","slug":"politica-de-cookies-pt","status":"publish","type":"page","link":"https:\/\/www.nalandaglobal.com\/pt-pt\/politica-de-cookies-pt\/","title":{"rendered":"Pol\u00edtica de Cookies"},"content":{"rendered":"\t\t<div data-elementor-type=\"wp-page\" data-elementor-id=\"30126\" class=\"elementor elementor-30126 elementor-4930\" data-elementor-post-type=\"page\">\n\t\t\t\t\t\t<section class=\"elementor-section elementor-top-section elementor-element elementor-element-3c7344f elementor-section-height-min-height elementor-section-items-stretch elementor-section-content-top elementor-section-boxed elementor-section-height-default\" data-id=\"3c7344f\" data-element_type=\"section\" data-e-type=\"section\" data-settings=\"{&quot;jet_parallax_layout_list&quot;:[{&quot;jet_parallax_layout_image&quot;:{&quot;url&quot;:&quot;&quot;,&quot;id&quot;:&quot;&quot;,&quot;size&quot;:&quot;&quot;},&quot;_id&quot;:&quot;5015fc2&quot;,&quot;jet_parallax_layout_image_tablet&quot;:{&quot;url&quot;:&quot;&quot;,&quot;id&quot;:&quot;&quot;,&quot;size&quot;:&quot;&quot;},&quot;jet_parallax_layout_image_mobile&quot;:{&quot;url&quot;:&quot;&quot;,&quot;id&quot;:&quot;&quot;,&quot;size&quot;:&quot;&quot;},&quot;jet_parallax_layout_speed&quot;:{&quot;unit&quot;:&quot;%&quot;,&quot;size&quot;:50,&quot;sizes&quot;:[]},&quot;jet_parallax_layout_type&quot;:&quot;scroll&quot;,&quot;jet_parallax_layout_direction&quot;:null,&quot;jet_parallax_layout_fx_direction&quot;:null,&quot;jet_parallax_layout_z_index&quot;:&quot;&quot;,&quot;jet_parallax_layout_bg_x&quot;:50,&quot;jet_parallax_layout_bg_x_tablet&quot;:&quot;&quot;,&quot;jet_parallax_layout_bg_x_mobile&quot;:&quot;&quot;,&quot;jet_parallax_layout_bg_y&quot;:50,&quot;jet_parallax_layout_bg_y_tablet&quot;:&quot;&quot;,&quot;jet_parallax_layout_bg_y_mobile&quot;:&quot;&quot;,&quot;jet_parallax_layout_bg_size&quot;:&quot;auto&quot;,&quot;jet_parallax_layout_bg_size_tablet&quot;:&quot;&quot;,&quot;jet_parallax_layout_bg_size_mobile&quot;:&quot;&quot;,&quot;jet_parallax_layout_animation_prop&quot;:&quot;transform&quot;,&quot;jet_parallax_layout_on&quot;:[&quot;desktop&quot;,&quot;tablet&quot;]}],&quot;background_background&quot;:&quot;classic&quot;}\">\n\t\t\t\t\t\t\t<div class=\"elementor-background-overlay\"><\/div>\n\t\t\t\t\t\t\t<div class=\"elementor-container elementor-column-gap-default\">\n\t\t\t\t\t<div class=\"elementor-column elementor-col-100 elementor-top-column elementor-element elementor-element-3673c00\" data-id=\"3673c00\" data-element_type=\"column\" data-e-type=\"column\">\n\t\t\t<div class=\"elementor-widget-wrap elementor-element-populated\">\n\t\t\t\t\t\t<div class=\"elementor-element elementor-element-4c60368 elementor-widget elementor-widget-heading\" data-id=\"4c60368\" data-element_type=\"widget\" data-e-type=\"widget\" data-widget_type=\"heading.default\">\n\t\t\t\t<div class=\"elementor-widget-container\">\n\t\t\t\t\t<h1 class=\"elementor-heading-title elementor-size-default\">Pol\u00edtica de cookies<\/h1>\t\t\t\t<\/div>\n\t\t\t\t<\/div>\n\t\t\t\t\t<\/div>\n\t\t<\/div>\n\t\t\t\t\t<\/div>\n\t\t<\/section>\n\t\t\t\t<section class=\"elementor-section elementor-top-section elementor-element elementor-element-97f6d87 elementor-section-boxed elementor-section-height-default elementor-section-height-default\" data-id=\"97f6d87\" data-element_type=\"section\" data-e-type=\"section\" data-settings=\"{&quot;jet_parallax_layout_list&quot;:[{&quot;jet_parallax_layout_image&quot;:{&quot;url&quot;:&quot;&quot;,&quot;id&quot;:&quot;&quot;,&quot;size&quot;:&quot;&quot;},&quot;_id&quot;:&quot;ed212e0&quot;,&quot;jet_parallax_layout_image_tablet&quot;:{&quot;url&quot;:&quot;&quot;,&quot;id&quot;:&quot;&quot;,&quot;size&quot;:&quot;&quot;},&quot;jet_parallax_layout_image_mobile&quot;:{&quot;url&quot;:&quot;&quot;,&quot;id&quot;:&quot;&quot;,&quot;size&quot;:&quot;&quot;},&quot;jet_parallax_layout_speed&quot;:{&quot;unit&quot;:&quot;%&quot;,&quot;size&quot;:50,&quot;sizes&quot;:[]},&quot;jet_parallax_layout_type&quot;:&quot;scroll&quot;,&quot;jet_parallax_layout_direction&quot;:null,&quot;jet_parallax_layout_fx_direction&quot;:null,&quot;jet_parallax_layout_z_index&quot;:&quot;&quot;,&quot;jet_parallax_layout_bg_x&quot;:50,&quot;jet_parallax_layout_bg_x_tablet&quot;:&quot;&quot;,&quot;jet_parallax_layout_bg_x_mobile&quot;:&quot;&quot;,&quot;jet_parallax_layout_bg_y&quot;:50,&quot;jet_parallax_layout_bg_y_tablet&quot;:&quot;&quot;,&quot;jet_parallax_layout_bg_y_mobile&quot;:&quot;&quot;,&quot;jet_parallax_layout_bg_size&quot;:&quot;auto&quot;,&quot;jet_parallax_layout_bg_size_tablet&quot;:&quot;&quot;,&quot;jet_parallax_layout_bg_size_mobile&quot;:&quot;&quot;,&quot;jet_parallax_layout_animation_prop&quot;:&quot;transform&quot;,&quot;jet_parallax_layout_on&quot;:[&quot;desktop&quot;,&quot;tablet&quot;]}]}\">\n\t\t\t\t\t\t<div class=\"elementor-container elementor-column-gap-default\">\n\t\t\t\t\t<div class=\"elementor-column elementor-col-100 elementor-top-column elementor-element elementor-element-f40bf71\" data-id=\"f40bf71\" data-element_type=\"column\" data-e-type=\"column\">\n\t\t\t<div class=\"elementor-widget-wrap elementor-element-populated\">\n\t\t\t\t\t\t<div class=\"elementor-element elementor-element-9dfc8d0 elementor-widget elementor-widget-text-editor\" data-id=\"9dfc8d0\" data-element_type=\"widget\" data-e-type=\"widget\" data-widget_type=\"text-editor.default\">\n\t\t\t\t<div class=\"elementor-widget-container\">\n\t\t\t\t\t\t\t\t\t<h2>O que \u00e9 uma cookie?<\/h2><p>Os cookies s\u00e3o pequenos ficheiros com informa\u00e7\u00f5es geradas por um s\u00edtio Web que s\u00e3o armazenados no navegador do utilizador, para que o s\u00edtio Web possa consultar a atividade anterior do navegador e oferecer-lhe uma melhor experi\u00eancia. Podem ser armazenadas informa\u00e7\u00f5es sobre um curso efectuado no pr\u00f3prio s\u00edtio Web, as suas intera\u00e7\u00f5es, as suas prefer\u00eancias, etc. <\/p><h2>Conceitos errados sobre os cookies<\/h2><p>Os cookies n\u00e3o armazenam informa\u00e7\u00f5es sens\u00edveis sobre o utilizador, tais como dados banc\u00e1rios ou do cart\u00e3o de cr\u00e9dito, nem fotografias ou dados pessoais. Os cookies n\u00e3o s\u00e3o v\u00edrus que possam infetar ou apagar dados do utilizador, nem geram janelas pop-up. <\/p><h2>Que tipos de cookies existem?<\/h2><ul><li><b>Cookies t\u00e9cnicos:<\/b> permitem-nos armazenar op\u00e7\u00f5es no nosso s\u00edtio Web, como a identifica\u00e7\u00e3o de uma sess\u00e3o, o acesso a conte\u00fados suplementares ou restritos, etc.<\/li><li><b>Cookies de personaliza\u00e7\u00e3o:<\/b> armazenam informa\u00e7\u00f5es previamente personalizadas pelo utilizador, por exemplo, para personalizar a p\u00e1gina inicial do nosso motor de busca.<\/li><li><b>Cookies de an\u00e1lise:<\/b> permitem armazenar dados sobre a forma como o utilizador navega no s\u00edtio Web. Desta forma, os h\u00e1bitos de navega\u00e7\u00e3o podem ser analisados e detectados e o s\u00edtio pode ser melhorado para se adaptar \u00e0s necessidades de navega\u00e7\u00e3o dos utilizadores. <\/li><li><b>Cookies publicit\u00e1rios:<\/b> criados para gerir e otimizar aspectos relacionados com a publicidade recebida pelo utilizador, como, por exemplo, a frequ\u00eancia com que um an\u00fancio \u00e9 mostrado ao utilizador.<\/li><li><b>Cookies de publicidade comportamental:<\/b> criados para gerir e otimizar o espa\u00e7o publicit\u00e1rio nos s\u00edtios Web, armazenando dados sobre os h\u00e1bitos de navega\u00e7\u00e3o do utilizador. Este tipo de cookie permite, por exemplo, mostrar ao utilizador banners publicit\u00e1rios que lhe possam interessar. <\/li><\/ul><h2>Cookies pr\u00f3prios e de terceiros<\/h2><h3>Cookies Propias<\/h3><p><b>JSESSIONID:<\/b> Este \u00e9 um cookie de in\u00edcio de sess\u00e3o da plataforma. O cookie \u00e9 utilizado para manter uma sess\u00e3o de utilizador an\u00f3nimo no servidor. Expira no final da sess\u00e3o do utilizador.  <\/p><h3>Cookies de terceiros<\/h3><p><b>Acumbamail:<\/b> Utilizamos cookies desta ferramenta para facilitar a gest\u00e3o de envios electr\u00f3nicos em massa a todos os nossos clientes relacionados com quest\u00f5es administrativas. Pode obter mais informa\u00e7\u00f5es lendo <a href=\"https:\/\/acumbamail.com\/terminos-de-uso\/#cookies\" target=\"_blank\" rel=\"noopener\">a sua pol\u00edtica de cookies<\/a>. <\/p><p><b>Mailchimp:<\/b> Utilizamos os cookies desta ferramenta para facilitar a gest\u00e3o dos envios electr\u00f3nicos em massa aos clientes contratantes e subcontratantes para diferentes fins: comerciais, informativos, gest\u00e3o de contas, etc. Pode obter mais informa\u00e7\u00f5es lendo <a href=\"https:\/\/mailchimp.com\/legal\/cookies\/\" target=\"_blank\" rel=\"noopener\">a pol\u00edtica de cookies<\/a>. <\/p><p><b>Google Analytics:<\/b> Utilizamos cookies desta ferramenta para obter estat\u00edsticas de utiliza\u00e7\u00e3o e seguir os utilizadores que entram no s\u00edtio Web. Pode obter mais informa\u00e7\u00f5es lendo <a href=\"https:\/\/developers.google.com\/analytics\/devguides\/collection\/analyticsjs\/cookie-usage?hl=es\" target=\"_blank\" rel=\"noopener\">a pol\u00edtica de cookies<\/a>. <\/p><p><b>Everwebinar:<\/b> Ferramenta para gerir v\u00e1rios webinars sobre servi\u00e7os espec\u00edficos ou t\u00f3picos espec\u00edficos. Para mais informa\u00e7\u00f5es, consulte <a href=\"https:\/\/home.kartra.com\/privacypolicy#_ga=2.3519478.757187433.1593152331-1467144422.1593152331\" target=\"_blank\" rel=\"noopener\">a pol\u00edtica de cookies<\/a>. <\/p><p>Tamb\u00e9m s\u00e3o utilizadas plataformas de v\u00eddeo como o <b>YouTube<\/b> e ferramentas <b>do Google<\/b> para partilha de v\u00eddeos e ficheiros. Consulte tamb\u00e9m a <a href=\"https:\/\/policies.google.com\/privacy?hl=es&amp;gl=es\" target=\"_blank\" rel=\"noopener\">pol\u00edtica de cookies<\/a> (YouTube) e <a href=\"https:\/\/developers.google.com\/analytics\/devguides\/collection\/analyticsjs\/cookie-usage?hl=es\" target=\"_blank\" rel=\"noopener\">a pol\u00edtica de cookies<\/a> (Google). <\/p><h2>Os cookies podem ser eliminados?<\/h2><p>\u00c9 poss\u00edvel n\u00e3o s\u00f3 apagar, mas tamb\u00e9m bloquear os cookies em geral ou em particular para um dom\u00ednio Web espec\u00edfico. No entanto, para um funcionamento adequado e uma melhor experi\u00eancia do utilizador, n\u00e3o recomendamos o bloqueio de cookies. <\/p><p>Para apagar os cookies de um s\u00edtio Web , tem de o fazer atrav\u00e9s das defini\u00e7\u00f5es do seu browser.<\/p><p>Na Nalanda Global, para facilitar o processo para aqueles que desejam impedir o uso de cookies, identificamos abaixo os links para as configura\u00e7\u00f5es de cookies dos navegadores mais populares:<\/p><ul><li><a href=\"https:\/\/support.google.com\/chrome\/answer\/95647?hl=es-419\" target=\"_blank\" rel=\"noopener\">Google Chrome<\/a><\/li><li><a href=\"https:\/\/support.mozilla.org\/es\/kb\/habilitar-y-deshabilitar-cookies-sitios-web-rastrear-preferencias?redirectslug=habilitar-y-deshabilitar-cookies-que-los-sitios-we&amp;redirectlocale=es\" target=\"_blank\" rel=\"noopener\">Mozilla Firefox<\/a><\/li><li><a href=\"https:\/\/support.microsoft.com\/es-es\/help\/17442\/windows-internet-explorer-delete-manage-cookies#ie=ie-10\" target=\"_blank\" rel=\"noopener\">Internet Explorer<\/a><\/li><li><a href=\"https:\/\/support.apple.com\/es-es\/guide\/safari\/sfri11471\/mac\" target=\"_blank\" rel=\"noopener\">Safari<\/a><\/li><\/ul><div> <\/div><div> <\/div>\t\t\t\t\t\t\t\t<\/div>\n\t\t\t\t<\/div>\n\t\t\t\t\t<\/div>\n\t\t<\/div>\n\t\t\t\t\t<\/div>\n\t\t<\/section>\n\t\t\t\t<\/div>\n\t\t","protected":false},"excerpt":{"rendered":"<p>Pol\u00edtica de cookies O que \u00e9 uma cookie? Os cookies s\u00e3o pequenos ficheiros com informa\u00e7\u00f5es geradas por um s\u00edtio Web que s\u00e3o armazenados no navegador do utilizador, para que o s\u00edtio Web possa consultar a atividade anterior do navegador e oferecer-lhe uma melhor experi\u00eancia. Podem ser armazenadas informa\u00e7\u00f5es sobre um curso efectuado no pr\u00f3prio s\u00edtio [&hellip;]<\/p>\n","protected":false},"author":7,"featured_media":0,"parent":0,"menu_order":0,"comment_status":"closed","ping_status":"closed","template":"","meta":{"footnotes":""},"class_list":["post-30126","page","type-page","status-publish","hentry"],"yoast_head":"<!-- This site is optimized with the Yoast SEO Premium plugin v27.0 (Yoast SEO v27.0) - https:\/\/yoast.com\/product\/yoast-seo-premium-wordpress\/ -->\n<title>Pol\u00edtica de Cookies - Nalanda Global (brought to you by ONCE FOR ALL)<\/title>\n<meta name=\"robots\" content=\"index, follow, max-snippet:-1, max-image-preview:large, max-video-preview:-1\" \/>\n<link rel=\"canonical\" href=\"https:\/\/www.nalandaglobal.com\/pt-pt\/politica-de-cookies-pt\/\" \/>\n<meta property=\"og:locale\" content=\"pt_PT\" \/>\n<meta property=\"og:type\" content=\"article\" \/>\n<meta property=\"og:title\" content=\"Pol\u00edtica de Cookies\" \/>\n<meta property=\"og:description\" content=\"Pol\u00edtica de cookies O que \u00e9 uma cookie? Os cookies s\u00e3o pequenos ficheiros com informa\u00e7\u00f5es geradas por um s\u00edtio Web que s\u00e3o armazenados no navegador do utilizador, para que o s\u00edtio Web possa consultar a atividade anterior do navegador e oferecer-lhe uma melhor experi\u00eancia. Podem ser armazenadas informa\u00e7\u00f5es sobre um curso efectuado no pr\u00f3prio s\u00edtio [&hellip;]\" \/>\n<meta property=\"og:url\" content=\"https:\/\/www.nalandaglobal.com\/pt-pt\/politica-de-cookies-pt\/\" \/>\n<meta property=\"og:site_name\" content=\"Nalanda Global (brought to you by ONCE FOR ALL)\" \/>\n<meta property=\"article:modified_time\" content=\"2025-06-12T06:31:37+00:00\" \/>\n<meta name=\"twitter:card\" content=\"summary_large_image\" \/>\n<meta name=\"twitter:site\" content=\"@nalanda_global\" \/>\n<meta name=\"twitter:label1\" content=\"Tempo estimado de leitura\" \/>\n\t<meta name=\"twitter:data1\" content=\"3 minutos\" \/>\n<script type=\"application\/ld+json\" class=\"yoast-schema-graph\">{\"@context\":\"https:\/\/schema.org\",\"@graph\":[{\"@type\":\"WebPage\",\"@id\":\"https:\/\/www.nalandaglobal.com\/pt-pt\/politica-de-cookies-pt\/\",\"url\":\"https:\/\/www.nalandaglobal.com\/pt-pt\/politica-de-cookies-pt\/\",\"name\":\"Pol\u00edtica de Cookies - Nalanda Global (brought to you by ONCE FOR ALL)\",\"isPartOf\":{\"@id\":\"https:\/\/www.nalandaglobal.com\/pt-pt\/#website\"},\"datePublished\":\"2022-11-24T11:26:12+00:00\",\"dateModified\":\"2025-06-12T06:31:37+00:00\",\"breadcrumb\":{\"@id\":\"https:\/\/www.nalandaglobal.com\/pt-pt\/politica-de-cookies-pt\/#breadcrumb\"},\"inLanguage\":\"pt-PT\",\"potentialAction\":[{\"@type\":\"ReadAction\",\"target\":[\"https:\/\/www.nalandaglobal.com\/pt-pt\/politica-de-cookies-pt\/\"]}]},{\"@type\":\"BreadcrumbList\",\"@id\":\"https:\/\/www.nalandaglobal.com\/pt-pt\/politica-de-cookies-pt\/#breadcrumb\",\"itemListElement\":[{\"@type\":\"ListItem\",\"position\":1,\"name\":\"Inicio\",\"item\":\"https:\/\/www.nalandaglobal.com\/pt-pt\/\"},{\"@type\":\"ListItem\",\"position\":2,\"name\":\"Pol\u00edtica de Cookies\"}]},{\"@type\":\"WebSite\",\"@id\":\"https:\/\/www.nalandaglobal.com\/pt-pt\/#website\",\"url\":\"https:\/\/www.nalandaglobal.com\/pt-pt\/\",\"name\":\"Nalanda Global (brought to you by ONCE FOR ALL)\",\"description\":\"Facilitamos la colaboraci\u00f3n y la transparencia en las cadenas de suministro y subcontrataci\u00f3n\",\"publisher\":{\"@id\":\"https:\/\/www.nalandaglobal.com\/pt-pt\/#organization\"},\"potentialAction\":[{\"@type\":\"SearchAction\",\"target\":{\"@type\":\"EntryPoint\",\"urlTemplate\":\"https:\/\/www.nalandaglobal.com\/pt-pt\/?s={search_term_string}\"},\"query-input\":{\"@type\":\"PropertyValueSpecification\",\"valueRequired\":true,\"valueName\":\"search_term_string\"}}],\"inLanguage\":\"pt-PT\"},{\"@type\":\"Organization\",\"@id\":\"https:\/\/www.nalandaglobal.com\/pt-pt\/#organization\",\"name\":\"Nalanda Global\",\"url\":\"https:\/\/www.nalandaglobal.com\/pt-pt\/\",\"logo\":{\"@type\":\"ImageObject\",\"inLanguage\":\"pt-PT\",\"@id\":\"https:\/\/www.nalandaglobal.com\/pt-pt\/#\/schema\/logo\/image\/\",\"url\":\"https:\/\/nalandaglobal.com\/wp-content\/uploads\/AF-Logotipo-Nalanda-sin-global_Principal_RGB.png\",\"contentUrl\":\"https:\/\/nalandaglobal.com\/wp-content\/uploads\/AF-Logotipo-Nalanda-sin-global_Principal_RGB.png\",\"width\":3013,\"height\":1201,\"caption\":\"Nalanda Global\"},\"image\":{\"@id\":\"https:\/\/www.nalandaglobal.com\/pt-pt\/#\/schema\/logo\/image\/\"},\"sameAs\":[\"https:\/\/x.com\/nalanda_global\",\"https:\/\/es.linkedin.com\/company\/nalandaglobal\"]}]}<\/script>\n<!-- \/ Yoast SEO Premium plugin. -->","yoast_head_json":{"title":"Pol\u00edtica de Cookies - Nalanda Global (brought to you by ONCE FOR ALL)","robots":{"index":"index","follow":"follow","max-snippet":"max-snippet:-1","max-image-preview":"max-image-preview:large","max-video-preview":"max-video-preview:-1"},"canonical":"https:\/\/www.nalandaglobal.com\/pt-pt\/politica-de-cookies-pt\/","og_locale":"pt_PT","og_type":"article","og_title":"Pol\u00edtica de Cookies","og_description":"Pol\u00edtica de cookies O que \u00e9 uma cookie? Os cookies s\u00e3o pequenos ficheiros com informa\u00e7\u00f5es geradas por um s\u00edtio Web que s\u00e3o armazenados no navegador do utilizador, para que o s\u00edtio Web possa consultar a atividade anterior do navegador e oferecer-lhe uma melhor experi\u00eancia. Podem ser armazenadas informa\u00e7\u00f5es sobre um curso efectuado no pr\u00f3prio s\u00edtio [&hellip;]","og_url":"https:\/\/www.nalandaglobal.com\/pt-pt\/politica-de-cookies-pt\/","og_site_name":"Nalanda Global (brought to you by ONCE FOR ALL)","article_modified_time":"2025-06-12T06:31:37+00:00","twitter_card":"summary_large_image","twitter_site":"@nalanda_global","twitter_misc":{"Tempo estimado de leitura":"3 minutos"},"schema":{"@context":"https:\/\/schema.org","@graph":[{"@type":"WebPage","@id":"https:\/\/www.nalandaglobal.com\/pt-pt\/politica-de-cookies-pt\/","url":"https:\/\/www.nalandaglobal.com\/pt-pt\/politica-de-cookies-pt\/","name":"Pol\u00edtica de Cookies - Nalanda Global (brought to you by ONCE FOR ALL)","isPartOf":{"@id":"https:\/\/www.nalandaglobal.com\/pt-pt\/#website"},"datePublished":"2022-11-24T11:26:12+00:00","dateModified":"2025-06-12T06:31:37+00:00","breadcrumb":{"@id":"https:\/\/www.nalandaglobal.com\/pt-pt\/politica-de-cookies-pt\/#breadcrumb"},"inLanguage":"pt-PT","potentialAction":[{"@type":"ReadAction","target":["https:\/\/www.nalandaglobal.com\/pt-pt\/politica-de-cookies-pt\/"]}]},{"@type":"BreadcrumbList","@id":"https:\/\/www.nalandaglobal.com\/pt-pt\/politica-de-cookies-pt\/#breadcrumb","itemListElement":[{"@type":"ListItem","position":1,"name":"Inicio","item":"https:\/\/www.nalandaglobal.com\/pt-pt\/"},{"@type":"ListItem","position":2,"name":"Pol\u00edtica de Cookies"}]},{"@type":"WebSite","@id":"https:\/\/www.nalandaglobal.com\/pt-pt\/#website","url":"https:\/\/www.nalandaglobal.com\/pt-pt\/","name":"Nalanda Global (brought to you by ONCE FOR ALL)","description":"Facilitamos la colaboraci\u00f3n y la transparencia en las cadenas de suministro y subcontrataci\u00f3n","publisher":{"@id":"https:\/\/www.nalandaglobal.com\/pt-pt\/#organization"},"potentialAction":[{"@type":"SearchAction","target":{"@type":"EntryPoint","urlTemplate":"https:\/\/www.nalandaglobal.com\/pt-pt\/?s={search_term_string}"},"query-input":{"@type":"PropertyValueSpecification","valueRequired":true,"valueName":"search_term_string"}}],"inLanguage":"pt-PT"},{"@type":"Organization","@id":"https:\/\/www.nalandaglobal.com\/pt-pt\/#organization","name":"Nalanda Global","url":"https:\/\/www.nalandaglobal.com\/pt-pt\/","logo":{"@type":"ImageObject","inLanguage":"pt-PT","@id":"https:\/\/www.nalandaglobal.com\/pt-pt\/#\/schema\/logo\/image\/","url":"https:\/\/nalandaglobal.com\/wp-content\/uploads\/AF-Logotipo-Nalanda-sin-global_Principal_RGB.png","contentUrl":"https:\/\/nalandaglobal.com\/wp-content\/uploads\/AF-Logotipo-Nalanda-sin-global_Principal_RGB.png","width":3013,"height":1201,"caption":"Nalanda Global"},"image":{"@id":"https:\/\/www.nalandaglobal.com\/pt-pt\/#\/schema\/logo\/image\/"},"sameAs":["https:\/\/x.com\/nalanda_global","https:\/\/es.linkedin.com\/company\/nalandaglobal"]}]}},"_links":{"self":[{"href":"https:\/\/www.nalandaglobal.com\/pt-pt\/wp-json\/wp\/v2\/pages\/30126","targetHints":{"allow":["GET"]}}],"collection":[{"href":"https:\/\/www.nalandaglobal.com\/pt-pt\/wp-json\/wp\/v2\/pages"}],"about":[{"href":"https:\/\/www.nalandaglobal.com\/pt-pt\/wp-json\/wp\/v2\/types\/page"}],"author":[{"embeddable":true,"href":"https:\/\/www.nalandaglobal.com\/pt-pt\/wp-json\/wp\/v2\/users\/7"}],"replies":[{"embeddable":true,"href":"https:\/\/www.nalandaglobal.com\/pt-pt\/wp-json\/wp\/v2\/comments?post=30126"}],"version-history":[{"count":2,"href":"https:\/\/www.nalandaglobal.com\/pt-pt\/wp-json\/wp\/v2\/pages\/30126\/revisions"}],"predecessor-version":[{"id":55587,"href":"https:\/\/www.nalandaglobal.com\/pt-pt\/wp-json\/wp\/v2\/pages\/30126\/revisions\/55587"}],"wp:attachment":[{"href":"https:\/\/www.nalandaglobal.com\/pt-pt\/wp-json\/wp\/v2\/media?parent=30126"}],"curies":[{"name":"wp","href":"https:\/\/api.w.org\/{rel}","templated":true}]}}